{"id":370,"date":"2022-11-23T15:38:52","date_gmt":"2022-11-23T14:38:52","guid":{"rendered":"https:\/\/sensoolabs.com\/?page_id=370"},"modified":"2023-01-26T18:19:40","modified_gmt":"2023-01-26T17:19:40","slug":"home","status":"publish","type":"page","link":"https:\/\/sensoolabs.com\/pt\/","title":{"rendered":"Home"},"content":{"rendered":"\n<h1>\n\t\tAtrav\u00e9s de 1 sistema de dom\u00f3tica tudo ser\u00e1 regulado!\n\t<\/h1>\n<h2>\n\t\tMelhoria do seu conforto\n\t<\/h2>\n\t<p>Obtenha informa\u00e7\u00f5es sobre o seu consumo de energia e ligue ou desligue os aparelhos automaticamente. Facilmente \u00e0 dist\u00e2ncia ou pr\u00e9-definido. Sensoo ajuda-o e apoia-o a tornar a sua vida ainda mais f\u00e1cil.<\/p>\n<p>Melhore tamb\u00e9m a sua qualidade de habita\u00e7\u00e3o de vida e de trabalho. De agora em diante, fa\u00e7a um uso inteligente da mais recente tecnologia. Escolha uma plataforma onde possa ver rapidamente o estado do consumo de energia ou g\u00e1s por exemplo, na sua casa ou estabelecimento comercial.<\/p>\n\t\t\t\t\t\t\t\t\t\t\t\t<h3> Conforto <\/h3>\n\t\t\t\t\t\t\t\t\t\t\t\t<h3>Torne a sua vida ainda mais confort\u00e1vel<\/h3>\n\t\t\t\t\t\t\t\t\t\t\t\t<h3> Compreens\u00e3o <\/h3>\n\t\t\t\t\t\t\t\t\t\t\t\t<h3>Siga tudo de perto e obtenha informa\u00e7\u00f5es<\/h3>\n\t\t\t\t\t\t\t\t\t\t\t\t<h3> Poupar <\/h3>\n\t\t\t\t\t\t\t\t\t\t\t\t<h3>Fa\u00e7a um uso inteligente da energia e poupe<\/h3>\n<h2>\n\t\tSensoo aconselha-o para que possa melhorar a sua vida\n\t<\/h2>\n\t<p>Ajudamo-lo nas seguintes quest\u00f5es:<\/p>\n\t\t\t <p>Compreens\u00e3o do consumo de energia, \u00e1gua e g\u00e1s<\/p>\t\t\n\t\t\t <p>Compreens\u00e3o da temperatura e humidade (do ar)<\/p>\t\t\n\t\t\t <p>Compreens\u00e3o do estado do n\u00edvel dos po\u00e7os<\/p>\t\t\n\t\t\t <p>Instala\u00e7\u00e3o para controlo da irriga\u00e7\u00e3o<\/p>\t\t\n\t\t\t <p>Aconselhamento sobre poupan\u00e7a de energia, \u00e1gua e g\u00e1s<\/p>\t\t\n\t\t\t <p>Aconselhamento sobre o tipo de utiliza\u00e7\u00e3o de sensores<\/p>\t\t\n\t\t\t <p>Instala\u00e7\u00e3o, gest\u00e3o e manuten\u00e7\u00e3o das c\u00e2maras de seguran\u00e7a<\/p>\t\t\n\t\t\t <p>T\u00e9cnicas de liga\u00e7\u00e3o de piscinas, jacuzzi&#8217;s saunas, etc.<\/p>\t\t\n\t\t\t <p>Medi\u00e7\u00e3o e controlo digital de sistemas de cloreto de sal<\/p>\t\t\n\t\t\t <p>Tecnologia de trancamento, de portas, port\u00f5es e fechaduras<\/p>\t\t\n\t\t\t <p>Ilumina\u00e7\u00e3o autom\u00e1tica<\/p>\t\t\n\t\t\t <p>Instala\u00e7\u00e3o de ambiente seguro de cloud (online) ou servidor (local)<\/p>\t\t\n\t\t\t <p>Instala\u00e7\u00e3o de uma Internet est\u00e1vel e segura e instala\u00e7\u00f5es wifi escal\u00e1veis<\/p>\t\t\n\t<p>Tudo \u00e9 f\u00e1cil de operar sozinho, pode estar pronto a funcionar em minutos. Visite r\u00e1pido a nossa loja online para obter os sensores certos para a sua casa ou estabelecimento comercial.<\/p>\n<p>Leia mais sobre a dom\u00f3tica e os seus benef\u00edcios aqui.<\/p>\n<h2>\n\t\tSoa interessante? Ent\u00e3o contacte-nos!\n\t<\/h2>\n<h2>\n\t\tWe work with (among others) the following premium suppliers\n\t<\/h2>\n\t\t\t\t\t\t\t<img decoding=\"async\" src=\"https:\/\/sensoolabs.com\/wp-content\/uploads\/reseller-synology.png\" alt=\"https:\/\/sensoolabs.com\/wp-content\/uploads\/reseller-synology.png\" data-no-lazy=\"1\" \/>\n\t\t\t\t\t\t\t<img decoding=\"async\" src=\"https:\/\/sensoolabs.com\/wp-content\/uploads\/reseller-axis-communications.png\" alt=\"https:\/\/sensoolabs.com\/wp-content\/uploads\/reseller-axis-communications.png\" data-no-lazy=\"1\" \/>\n\t\t\t\t\t\t\t<img decoding=\"async\" src=\"https:\/\/sensoolabs.com\/wp-content\/uploads\/reseller-netgear.png\" alt=\"https:\/\/sensoolabs.com\/wp-content\/uploads\/reseller-netgear.png\" data-no-lazy=\"1\" \/>\n\t\t\t\t\t\t\t<img decoding=\"async\" src=\"https:\/\/sensoolabs.com\/wp-content\/uploads\/reseller-ubiquiti-unifi.png\" alt=\"https:\/\/sensoolabs.com\/wp-content\/uploads\/reseller-ubiquiti-unifi.png\" data-no-lazy=\"1\" \/>\n\t\t\t\t\t\t\t<img decoding=\"async\" src=\"https:\/\/sensoolabs.com\/wp-content\/uploads\/reseller-mikrotik.png\" alt=\"https:\/\/sensoolabs.com\/wp-content\/uploads\/reseller-mikrotik.png\" data-no-lazy=\"1\" \/>\n\t\t\t\t\t\t\t<img decoding=\"async\" src=\"https:\/\/sensoolabs.com\/wp-content\/uploads\/reseller-apc.png\" alt=\"https:\/\/sensoolabs.com\/wp-content\/uploads\/reseller-apc.png\" data-no-lazy=\"1\" \/>\n\t\t\t\t\t\t\t<img decoding=\"async\" src=\"https:\/\/sensoolabs.com\/wp-content\/uploads\/reseller-hikvision.png\" alt=\"https:\/\/sensoolabs.com\/wp-content\/uploads\/reseller-hikvision.png\" data-no-lazy=\"1\" \/>\n\n","protected":false},"excerpt":{"rendered":"<p>Atrav\u00e9s de 1 sistema de dom\u00f3tica tudo ser\u00e1 regulado! Melhoria do seu conforto Obtenha informa\u00e7\u00f5es sobre o seu consumo de energia e ligue ou desligue os aparelhos automaticamente. Facilmente \u00e0 dist\u00e2ncia ou pr\u00e9-definido. Sensoo ajuda-o e apoia-o a tornar a sua vida ainda mais f\u00e1cil. Melhore tamb\u00e9m a sua qualidade de habita\u00e7\u00e3o de vida e&hellip;<\/p>\n","protected":false},"author":1,"featured_media":0,"parent":0,"menu_order":1,"comment_status":"closed","ping_status":"closed","template":"","meta":{"footnotes":""},"class_list":["post-370","page","type-page","status-publish","hentry"],"_links":{"self":[{"href":"https:\/\/sensoolabs.com\/pt\/wp-json\/wp\/v2\/pages\/370","targetHints":{"allow":["GET"]}}],"collection":[{"href":"https:\/\/sensoolabs.com\/pt\/wp-json\/wp\/v2\/pages"}],"about":[{"href":"https:\/\/sensoolabs.com\/pt\/wp-json\/wp\/v2\/types\/page"}],"author":[{"embeddable":true,"href":"https:\/\/sensoolabs.com\/pt\/wp-json\/wp\/v2\/users\/1"}],"replies":[{"embeddable":true,"href":"https:\/\/sensoolabs.com\/pt\/wp-json\/wp\/v2\/comments?post=370"}],"version-history":[{"count":7,"href":"https:\/\/sensoolabs.com\/pt\/wp-json\/wp\/v2\/pages\/370\/revisions"}],"predecessor-version":[{"id":1159,"href":"https:\/\/sensoolabs.com\/pt\/wp-json\/wp\/v2\/pages\/370\/revisions\/1159"}],"wp:attachment":[{"href":"https:\/\/sensoolabs.com\/pt\/wp-json\/wp\/v2\/media?parent=370"}],"curies":[{"name":"wp","href":"https:\/\/api.w.org\/{rel}","templated":true}]}}