{"id":374,"date":"2022-11-22T12:47:20","date_gmt":"2022-11-22T11:47:20","guid":{"rendered":"https:\/\/sensoolabs.com\/?page_id=374"},"modified":"2023-01-26T18:20:20","modified_gmt":"2023-01-26T17:20:20","slug":"domotica","status":"publish","type":"page","link":"https:\/\/sensoolabs.com\/pt\/domotica\/","title":{"rendered":"Dom\u00f3tica"},"content":{"rendered":"\n<h1>\n\t\tSobre Dom\u00f3tica\n\t<\/h1>\n\t<p>Melhore o seu comforto dom\u00e9stico! Cortinas que se fecham sozinhas? Luzes a acenderem-se sozinhas ao voltarem para uma casa maravilhosamente aquecida? \u00c9 poss\u00edvel! A dom\u00f3tica no lar, tamb\u00e9m conhecida como automatiza\u00e7\u00e3o dom\u00e9stica, oferece in\u00fameras possibilidades e, acima de tudo, conforto. Dom\u00f3tica \u00e9 um termo colectivo para todos os dispositivos que o ajudam a automatizar tarefas quotidianas. Com a dom\u00f3tica, torne a sua casa (de f\u00e9rias), as suas instala\u00e7\u00f5es comerciais ainda mais inteligentes. Por exemplo, instalar hor\u00e1rios para as luzes ou enviar notifica\u00e7\u00f5es autom\u00e1ticas quando o consumo de energia \u00e9 elevado.<\/p>\n<h2>\n\t\tDe que plataforma necessito?\n\t<\/h2>\n\t<p>Recomendamos que utilizem uma plataforma apropriada. Depois tem tudo sob o seu pr\u00f3prio controlo. Com os nossos conhecimentos e compet\u00eancias especializadas, aconselhamos sobre a melhor utiliza\u00e7\u00e3o e instala\u00e7\u00e3o duma plataforma. Ou, por exemplo, escolher uma solu\u00e7\u00e3o de cloud conveniente e confiar nos os servi\u00e7os de gest\u00e3o.<\/p>\n<h2>\n\t\tPlataforma Dom\u00e9stica Inteligente\n\t<\/h2>\n\t<p>Mais prazer no seu lar!<\/p>\n<p>Uma plataforma dom\u00e9stica inteligente \u00e9 o sistema que utiliza para controlar a sua dom\u00f3tica. Atrav\u00e9s de tal plataforma torna-se poss\u00edvel controlar todo o tipo de dispositivos. As plataformas mais conhecidas s\u00e3o o Google Assistant, o Amazon Alexa e o Apple HomeKit. \u00c9 sensato escolher na sua primeira compra uma plataforma, da qual voc\u00ea poder\u00e1 evolu\u00edr. N\u00f3s ajudamo-lo a fazer isto. Assim evita-se, afinal de contas, a necessidade de aplica\u00e7\u00f5es diferentes.<\/p>\n<p>Dica: Antes de comprar um novo produto, verifique se \u00e9 compat\u00edvel com a sua plataforma!<\/p>\n<h2>\n\t\tProtocolo dom\u00e9stico inteligente\n\t<\/h2>\n\t<p>Dom\u00f3tica comunica entre si atrav\u00e9s de um protocolo. Um protocolo \u00e9 a forma como um sinal \u00e9 enviado entre dispositivos. Isto pode ser feito atrav\u00e9s de cabo ou sem fios.<\/p>\n<p>Os protocolos mais conhecidos s\u00e3o bluetooth e wifi, mas os dispositivos de dom\u00f3tica tamb\u00e9m comunicam via Zigbee ou Z-Wave.<\/p>\n<p>Nem todos os dispositivos podem comunicar directamente uns com os outros. Para o fazer, utilizamos a plataforma dom\u00e9stica Inteligente. Suporta m\u00faltiplos protocolos, tornando-a o elo de comunica\u00e7\u00e3o entre dispositivos.<\/p>\n<h2>\n\t\tVantagens do controlo inteligente\n\t<\/h2>\n\t<p>Dom\u00f3tica acrescenta comodidade e conforto \u00e0 sua casa (de f\u00e9rias) ou instala\u00e7\u00f5es comerciais. Controle os seus dispositivos remotamente com o seu pr\u00f3prio telefone inteligente ou com o seu pr\u00f3prio smart home hub.<\/p>\n<p>Defina os hor\u00e1rios a que os seus dispositivos se ligam. Determina a hora a que o term\u00f3stato come\u00e7a a aquecer ou quando a luz se acende.<\/p>\n<p>Desta forma, ir\u00e1 gerir eficientemente o consumo de energia da sua casa e poupar em custos desnecess\u00e1rios. Opte por extra seguran\u00e7a e opte por c\u00e2maras de IP dedicado e campainhas inteligentes. Isto permite-lhe ver instantaneamente quem est\u00e1 \u00e0 porta e registar quaisquer visitantes indesejados.<\/p>\n<p>Numa casa dom\u00f3tica, h\u00e1 produtos que tornam a vida mais f\u00e1cil. Por exemplo, existem dispositivos que se ligam automaticamente ou podem ser controlados remotamente, mas \u00e9 poss\u00edvel fazer muito mais com produtos inteligentes.<\/p>\n<p>Uma casa inteligente ou um edif\u00edcio de escrit\u00f3rios traz-lhe v\u00e1rios benef\u00edcios:<\/p>\n\t\t\t <p>Mais comodidade e conforto<\/p>\t\t\n\t\t\t <p>Poupar substancialmente no consumo de energia<\/p>\t\t\n\t\t\t <p>Viver e trabalhar com mais seguran\u00e7a<\/p>\t\t\n\t<h2>\n\t\tComodidade e conforto\n\t<\/h2>\n\t<p>Com produtos inteligentes, cria mais comodidade na sua casa. Controla-os com uma aplica\u00e7\u00e3o. Por exemplo, aumente o aquecimento da sua cadeira ou diminua as luzes da cozinha enquanto est\u00e1 sentado na sala de estar. Pode at\u00e9 definir dispositivos antigos para serem control\u00e1veis remotamente. Procure comodidade e conforto e escolha a sua plataforma.<\/p>\n<h2>\n\t\tPoupar substancialmente no consumo de energia\n\t<\/h2>\n\t<p>Uma vantagem dos aparelhos inteligentes \u00e9 que ajudam a poupar nos custos de energia. Afinal de contas, define-se hor\u00e1rios, controla-se \u00e0 dist\u00e2ncia ou desligam-se dispositivos quando se sai. Como resultado, o seu term\u00f3stato inteligente n\u00e3o aquece desnecessariamente quando n\u00e3o est\u00e1 em casa. Esqueceu-se de apagar as luzes? N\u00e3o h\u00e1 problema! Abra a aplica\u00e7\u00e3o e desligue uma l\u00e2mpada \u00e0 dist\u00e2ncia.<\/p>\n<p>Verifique o consumo de energia dos term\u00f3statos e tomadas na aplica\u00e7\u00e3o e obtenha uma vis\u00e3o e controlo.<\/p>\n<h2>\n\t\tViver e trabalhar com mais seguran\u00e7a\n\t<\/h2>\n\t<p>H\u00e1 muitos dispositivos inteligentes que tornam a sua casa muito mais segura. \u00c9 imediatamente informado de actividades suspeitas na sua casa ou de um inc\u00eandio. Use uma campainha inteligente ou c\u00e2maras de IP para ver remotamente o que est\u00e1 a acontecer em casa. Um sistema de alarme assinala um roubo, enquanto os detectores de fumo inteligentes o fazem em caso de perigo de inc\u00eandio. Para ainda mais seguran\u00e7a, ligue as suas luzes inteligentes a uma c\u00e2mara, para que se liguem quando \u00e9 detectado movimento ou quando a campainha da porta toca.<\/p>\n\t\t\t\t<img loading=\"lazy\" decoding=\"async\" src=\"https:\/\/sensoolabs.com\/wp-content\/uploads\/foto-intern-1.jpg\" alt=\"foto-intern-1\" itemprop=\"image\" height=\"500\" width=\"500\" title=\"foto-intern-1\" onerror=\"this.style.display='none'\"  \/>\n<h2>\n\t\tSoa interessante? Ent\u00e3o contacte-nos!\n\t<\/h2>\n<h2>\n\t\tWe work with (among others) the following premium suppliers\n\t<\/h2>\n\t\t\t\t\t\t\t<img decoding=\"async\" src=\"https:\/\/sensoolabs.com\/wp-content\/uploads\/reseller-synology.png\" alt=\"https:\/\/sensoolabs.com\/wp-content\/uploads\/reseller-synology.png\" data-no-lazy=\"1\" \/>\n\t\t\t\t\t\t\t<img decoding=\"async\" src=\"https:\/\/sensoolabs.com\/wp-content\/uploads\/reseller-axis-communications.png\" alt=\"https:\/\/sensoolabs.com\/wp-content\/uploads\/reseller-axis-communications.png\" data-no-lazy=\"1\" \/>\n\t\t\t\t\t\t\t<img decoding=\"async\" src=\"https:\/\/sensoolabs.com\/wp-content\/uploads\/reseller-netgear.png\" alt=\"https:\/\/sensoolabs.com\/wp-content\/uploads\/reseller-netgear.png\" data-no-lazy=\"1\" \/>\n\t\t\t\t\t\t\t<img decoding=\"async\" src=\"https:\/\/sensoolabs.com\/wp-content\/uploads\/reseller-ubiquiti-unifi.png\" alt=\"https:\/\/sensoolabs.com\/wp-content\/uploads\/reseller-ubiquiti-unifi.png\" data-no-lazy=\"1\" \/>\n\t\t\t\t\t\t\t<img decoding=\"async\" src=\"https:\/\/sensoolabs.com\/wp-content\/uploads\/reseller-mikrotik.png\" alt=\"https:\/\/sensoolabs.com\/wp-content\/uploads\/reseller-mikrotik.png\" data-no-lazy=\"1\" \/>\n\t\t\t\t\t\t\t<img decoding=\"async\" src=\"https:\/\/sensoolabs.com\/wp-content\/uploads\/reseller-apc.png\" alt=\"https:\/\/sensoolabs.com\/wp-content\/uploads\/reseller-apc.png\" data-no-lazy=\"1\" \/>\n\t\t\t\t\t\t\t<img decoding=\"async\" src=\"https:\/\/sensoolabs.com\/wp-content\/uploads\/reseller-hikvision.png\" alt=\"https:\/\/sensoolabs.com\/wp-content\/uploads\/reseller-hikvision.png\" data-no-lazy=\"1\" \/>\n\n","protected":false},"excerpt":{"rendered":"<p>Sobre Dom\u00f3tica Melhore o seu comforto dom\u00e9stico! Cortinas que se fecham sozinhas? Luzes a acenderem-se sozinhas ao voltarem para uma casa maravilhosamente aquecida? \u00c9 poss\u00edvel! A dom\u00f3tica no lar, tamb\u00e9m conhecida como automatiza\u00e7\u00e3o dom\u00e9stica, oferece in\u00fameras possibilidades e, acima de tudo, conforto. Dom\u00f3tica \u00e9 um termo colectivo para todos os dispositivos que o ajudam a&hellip;<\/p>\n","protected":false},"author":1,"featured_media":0,"parent":0,"menu_order":2,"comment_status":"closed","ping_status":"closed","template":"","meta":{"footnotes":""},"class_list":["post-374","page","type-page","status-publish","hentry"],"_links":{"self":[{"href":"https:\/\/sensoolabs.com\/pt\/wp-json\/wp\/v2\/pages\/374","targetHints":{"allow":["GET"]}}],"collection":[{"href":"https:\/\/sensoolabs.com\/pt\/wp-json\/wp\/v2\/pages"}],"about":[{"href":"https:\/\/sensoolabs.com\/pt\/wp-json\/wp\/v2\/types\/page"}],"author":[{"embeddable":true,"href":"https:\/\/sensoolabs.com\/pt\/wp-json\/wp\/v2\/users\/1"}],"replies":[{"embeddable":true,"href":"https:\/\/sensoolabs.com\/pt\/wp-json\/wp\/v2\/comments?post=374"}],"version-history":[{"count":6,"href":"https:\/\/sensoolabs.com\/pt\/wp-json\/wp\/v2\/pages\/374\/revisions"}],"predecessor-version":[{"id":1160,"href":"https:\/\/sensoolabs.com\/pt\/wp-json\/wp\/v2\/pages\/374\/revisions\/1160"}],"wp:attachment":[{"href":"https:\/\/sensoolabs.com\/pt\/wp-json\/wp\/v2\/media?parent=374"}],"curies":[{"name":"wp","href":"https:\/\/api.w.org\/{rel}","templated":true}]}}