{"id":388,"date":"2022-11-22T12:49:35","date_gmt":"2022-11-22T11:49:35","guid":{"rendered":"https:\/\/sensoolabs.com\/?page_id=388"},"modified":"2023-01-26T18:22:18","modified_gmt":"2023-01-26T17:22:18","slug":"sobre-nos","status":"publish","type":"page","link":"https:\/\/sensoolabs.com\/pt\/sobre-nos\/","title":{"rendered":"Sobre n\u00f3s"},"content":{"rendered":"\n<h1>\n\t\tSobre n\u00f3s\n\t<\/h1>\n\t<p>A Sensoo foi criada entre uma colabora\u00e7\u00e3o de duas empresas. Equipment Control e VeroCon. Ambas as empresas s\u00e3o \u00fanicas em qualidade e servi\u00e7o. Para satisfazer a crescente procura de conhecimento e per\u00edcia em dom\u00f3tica e automatiza\u00e7\u00e3o, decidiram unir for\u00e7as. Com esta colabora\u00e7\u00e3o, Sensoo ir\u00e1 optimizar ainda mais os seus servi\u00e7os.<\/p>\n\t<p>Sensoo \u00e9 especialista. Aconselhamos sobre as melhores solu\u00e7\u00f5es de dom\u00f3tica para a casa ou escrit\u00f3rio. Em conjunto com utilizadores privados ou empresariais, concebemos as plataformas mais inteligentes para tornar a vida ainda mais f\u00e1cil. Escolha uma actualiza\u00e7\u00e3o e pergunte sobre as op\u00e7\u00f5es.<\/p>\n<p>Sensoo\u00a0 assegura que o sistema est\u00e1 a funcionar correctamente e que tudo \u00e9 implementado correctamente. Isto pode ser feito em qualquer local. Uma casa (de f\u00e9rias), casa de campo, escola, hotel, escrit\u00f3rio, (f\u00e9rias) resort ou estabelecimento de sa\u00fade e lojas.<\/p>\n<p>Sensoo , como todos os utilizadores, \u00e9 \u00fanico. Cada utilizador tem os seus desejos e prefer\u00eancias. Compreendemos isso. Colocamos todos os requisitos em foco e criamos um sistema feito \u00e0 medida para que a qualidade de vida e de trabalho aumente.<\/p>\n<p>A nossa per\u00edcia em tecnologia de sensores e medi\u00e7\u00f5es \u00e9 convertida em dom\u00f3tica ( automatiza\u00e7\u00e3o dom\u00e9stica). A automa\u00e7\u00e3o dom\u00e9stica melhora a qualidade do lar e de vida ao combinar tecnologia e servi\u00e7os. A grande vantagem da dom\u00f3tica \u00e9 que muitos sistemas est\u00e3o ligados entre si numa plataforma \u00fanica. Com isto, tem um sistema f\u00e1cil na sua casa onde pode ver tudo.<\/p>\n\t\t\t<a href=\"\" target=\"_self\" role=\"button\" rel=\"noopener\">\n\t\t\t\t\t\t\tDeseja saber mais?\n\t\t\t\t\t<\/a>\n<h2>\n\t\tSoa interessante? Ent\u00e3o contacte-nos!\n\t<\/h2>\n<h2>\n\t\tWe work with (among others) the following premium suppliers\n\t<\/h2>\n\t\t\t\t\t\t\t<img decoding=\"async\" src=\"https:\/\/sensoolabs.com\/wp-content\/uploads\/reseller-synology.png\" alt=\"https:\/\/sensoolabs.com\/wp-content\/uploads\/reseller-synology.png\" data-no-lazy=\"1\" \/>\n\t\t\t\t\t\t\t<img decoding=\"async\" src=\"https:\/\/sensoolabs.com\/wp-content\/uploads\/reseller-axis-communications.png\" alt=\"https:\/\/sensoolabs.com\/wp-content\/uploads\/reseller-axis-communications.png\" data-no-lazy=\"1\" \/>\n\t\t\t\t\t\t\t<img decoding=\"async\" src=\"https:\/\/sensoolabs.com\/wp-content\/uploads\/reseller-netgear.png\" alt=\"https:\/\/sensoolabs.com\/wp-content\/uploads\/reseller-netgear.png\" data-no-lazy=\"1\" \/>\n\t\t\t\t\t\t\t<img decoding=\"async\" src=\"https:\/\/sensoolabs.com\/wp-content\/uploads\/reseller-ubiquiti-unifi.png\" alt=\"https:\/\/sensoolabs.com\/wp-content\/uploads\/reseller-ubiquiti-unifi.png\" data-no-lazy=\"1\" \/>\n\t\t\t\t\t\t\t<img decoding=\"async\" src=\"https:\/\/sensoolabs.com\/wp-content\/uploads\/reseller-mikrotik.png\" alt=\"https:\/\/sensoolabs.com\/wp-content\/uploads\/reseller-mikrotik.png\" data-no-lazy=\"1\" \/>\n\t\t\t\t\t\t\t<img decoding=\"async\" src=\"https:\/\/sensoolabs.com\/wp-content\/uploads\/reseller-apc.png\" alt=\"https:\/\/sensoolabs.com\/wp-content\/uploads\/reseller-apc.png\" data-no-lazy=\"1\" \/>\n\t\t\t\t\t\t\t<img decoding=\"async\" src=\"https:\/\/sensoolabs.com\/wp-content\/uploads\/reseller-hikvision.png\" alt=\"https:\/\/sensoolabs.com\/wp-content\/uploads\/reseller-hikvision.png\" data-no-lazy=\"1\" \/>\n\n","protected":false},"excerpt":{"rendered":"<p>Sobre n\u00f3s A Sensoo foi criada entre uma colabora\u00e7\u00e3o de duas empresas. Equipment Control e VeroCon. Ambas as empresas s\u00e3o \u00fanicas em qualidade e servi\u00e7o. Para satisfazer a crescente procura de conhecimento e per\u00edcia em dom\u00f3tica e automatiza\u00e7\u00e3o, decidiram unir for\u00e7as. Com esta colabora\u00e7\u00e3o, Sensoo ir\u00e1 optimizar ainda mais os seus servi\u00e7os. Sensoo \u00e9 especialista.&hellip;<\/p>\n","protected":false},"author":1,"featured_media":0,"parent":0,"menu_order":5,"comment_status":"closed","ping_status":"closed","template":"","meta":{"footnotes":""},"class_list":["post-388","page","type-page","status-publish","hentry"],"_links":{"self":[{"href":"https:\/\/sensoolabs.com\/pt\/wp-json\/wp\/v2\/pages\/388","targetHints":{"allow":["GET"]}}],"collection":[{"href":"https:\/\/sensoolabs.com\/pt\/wp-json\/wp\/v2\/pages"}],"about":[{"href":"https:\/\/sensoolabs.com\/pt\/wp-json\/wp\/v2\/types\/page"}],"author":[{"embeddable":true,"href":"https:\/\/sensoolabs.com\/pt\/wp-json\/wp\/v2\/users\/1"}],"replies":[{"embeddable":true,"href":"https:\/\/sensoolabs.com\/pt\/wp-json\/wp\/v2\/comments?post=388"}],"version-history":[{"count":4,"href":"https:\/\/sensoolabs.com\/pt\/wp-json\/wp\/v2\/pages\/388\/revisions"}],"predecessor-version":[{"id":1163,"href":"https:\/\/sensoolabs.com\/pt\/wp-json\/wp\/v2\/pages\/388\/revisions\/1163"}],"wp:attachment":[{"href":"https:\/\/sensoolabs.com\/pt\/wp-json\/wp\/v2\/media?parent=388"}],"curies":[{"name":"wp","href":"https:\/\/api.w.org\/{rel}","templated":true}]}}