{"id":405,"date":"2022-11-22T12:50:26","date_gmt":"2022-11-22T11:50:26","guid":{"rendered":"https:\/\/sensoolabs.com\/?page_id=405"},"modified":"2023-07-21T12:30:59","modified_gmt":"2023-07-21T10:30:59","slug":"loja-online","status":"publish","type":"page","link":"https:\/\/sensoolabs.com\/pt\/loja-online\/","title":{"rendered":"Loja online"},"content":{"rendered":"\n<h1>\n\t\tEscolha j\u00e1 uma  actualiza\u00e7\u00e3o\n\t<\/h1>\n\t<p>A maioria das casas e edif\u00edcios de escrit\u00f3rios j\u00e1 incorporam a dom\u00f3tica. Por exemplo, estamos familiarizados com a campainha de v\u00eddeo ou um term\u00f3stato inteligente instalado em casa. Portanto, n\u00e3o demorar\u00e1 muito at\u00e9 que possamos controlar todos os dispositivos remotamente.\u00a0Torne a sua vida ainda mais f\u00e1cil e escolha as mais recentes op\u00e7\u00f5es de automatiza\u00e7\u00e3o.\u00a0Tamb\u00e9m deseja os melhores artigos? Ent\u00e3o a nossa loja na online \u00e9 o lugar certo. Temos os melhores sensores para cada local e situa\u00e7\u00e3o.<\/p>\n\t\t\n\t\t<p>Atualmente, a nossa loja virtual s\u00f3 aceita encomendas dos Pa\u00edses Baixos<\/p>\n\t\t\t<a href=\"https:\/\/sensooshop.com\/\" target=\"_blank\" rel=\"noopener\">\n\t\t\t\t\t\t\tVisitar a loja online\n\t\t\t\t\t<\/a>\n<h2>\n\t\tSoa interessante? Ent\u00e3o contacte-nos!\n\t<\/h2>\n<h2>\n\t\tNos trabalhamos com (entre outros) os seguintes fornecedores premium\n\t<\/h2>\n\t\t\t\t\t\t\t<img decoding=\"async\" src=\"https:\/\/sensoolabs.com\/wp-content\/uploads\/reseller-synology.png\" alt=\"https:\/\/sensoolabs.com\/wp-content\/uploads\/reseller-synology.png\" data-no-lazy=\"1\" \/>\n\t\t\t\t\t\t\t<img decoding=\"async\" src=\"https:\/\/sensoolabs.com\/wp-content\/uploads\/reseller-axis-communications.png\" alt=\"https:\/\/sensoolabs.com\/wp-content\/uploads\/reseller-axis-communications.png\" data-no-lazy=\"1\" \/>\n\t\t\t\t\t\t\t<img decoding=\"async\" src=\"https:\/\/sensoolabs.com\/wp-content\/uploads\/reseller-netgear.png\" alt=\"https:\/\/sensoolabs.com\/wp-content\/uploads\/reseller-netgear.png\" data-no-lazy=\"1\" \/>\n\t\t\t\t\t\t\t<img decoding=\"async\" src=\"https:\/\/sensoolabs.com\/wp-content\/uploads\/reseller-ubiquiti-unifi.png\" alt=\"https:\/\/sensoolabs.com\/wp-content\/uploads\/reseller-ubiquiti-unifi.png\" data-no-lazy=\"1\" \/>\n\t\t\t\t\t\t\t<img decoding=\"async\" src=\"https:\/\/sensoolabs.com\/wp-content\/uploads\/reseller-mikrotik.png\" alt=\"https:\/\/sensoolabs.com\/wp-content\/uploads\/reseller-mikrotik.png\" data-no-lazy=\"1\" \/>\n\t\t\t\t\t\t\t<img decoding=\"async\" src=\"https:\/\/sensoolabs.com\/wp-content\/uploads\/reseller-apc.png\" alt=\"https:\/\/sensoolabs.com\/wp-content\/uploads\/reseller-apc.png\" data-no-lazy=\"1\" \/>\n\t\t\t\t\t\t\t<img decoding=\"async\" src=\"https:\/\/sensoolabs.com\/wp-content\/uploads\/reseller-hikvision.png\" alt=\"https:\/\/sensoolabs.com\/wp-content\/uploads\/reseller-hikvision.png\" data-no-lazy=\"1\" \/>\n\t\t\t<button>Next<\/button>\n\t\t<button>Previous<\/button>\n\n","protected":false},"excerpt":{"rendered":"<p>Escolha j\u00e1 uma actualiza\u00e7\u00e3o A maioria das casas e edif\u00edcios de escrit\u00f3rios j\u00e1 incorporam a dom\u00f3tica. Por exemplo, estamos familiarizados com a campainha de v\u00eddeo ou um term\u00f3stato inteligente instalado em casa. Portanto, n\u00e3o demorar\u00e1 muito at\u00e9 que possamos controlar todos os dispositivos remotamente.\u00a0Torne a sua vida ainda mais f\u00e1cil e escolha as mais recentes&hellip;<\/p>\n","protected":false},"author":1,"featured_media":0,"parent":0,"menu_order":4,"comment_status":"closed","ping_status":"closed","template":"","meta":{"footnotes":""},"class_list":["post-405","page","type-page","status-publish","hentry"],"_links":{"self":[{"href":"https:\/\/sensoolabs.com\/pt\/wp-json\/wp\/v2\/pages\/405","targetHints":{"allow":["GET"]}}],"collection":[{"href":"https:\/\/sensoolabs.com\/pt\/wp-json\/wp\/v2\/pages"}],"about":[{"href":"https:\/\/sensoolabs.com\/pt\/wp-json\/wp\/v2\/types\/page"}],"author":[{"embeddable":true,"href":"https:\/\/sensoolabs.com\/pt\/wp-json\/wp\/v2\/users\/1"}],"replies":[{"embeddable":true,"href":"https:\/\/sensoolabs.com\/pt\/wp-json\/wp\/v2\/comments?post=405"}],"version-history":[{"count":10,"href":"https:\/\/sensoolabs.com\/pt\/wp-json\/wp\/v2\/pages\/405\/revisions"}],"predecessor-version":[{"id":1763,"href":"https:\/\/sensoolabs.com\/pt\/wp-json\/wp\/v2\/pages\/405\/revisions\/1763"}],"wp:attachment":[{"href":"https:\/\/sensoolabs.com\/pt\/wp-json\/wp\/v2\/media?parent=405"}],"curies":[{"name":"wp","href":"https:\/\/api.w.org\/{rel}","templated":true}]}}