{"id":411,"date":"2022-11-22T12:50:46","date_gmt":"2022-11-22T11:50:46","guid":{"rendered":"https:\/\/sensoolabs.com\/?page_id=411"},"modified":"2023-01-26T18:21:22","modified_gmt":"2023-01-26T17:21:22","slug":"sensoo-labs","status":"publish","type":"page","link":"https:\/\/sensoolabs.com\/pt\/sensoo-labs\/","title":{"rendered":"Sensoo Labs"},"content":{"rendered":"\n<h1>\n\t\tSensoo Labs\n\t<\/h1>\n\t<p>Na Sensoo Labs, produzimos produtos personalizados.\u00a0Juntos, com o cliente, a nossa equipa de programadores e design &amp; engenharia, desenvolvemos solu\u00e7\u00f5es personalizadas. Antes de os produtos personalizados serem realmente instalados, s\u00e3o extensivamente testados no nosso pr\u00f3prio ambiente e possivelmente na localiza\u00e7\u00e3o do cliente.<\/p>\n\t<p>Uma vez conclu\u00edda com sucesso a fase de testes, a nossa equipa passa \u00e0 configura\u00e7\u00e3o da embalagem (robusta). Temos o mais recente software de desenho e imprimimos os moldes correspondentes com a nossa pr\u00f3pria impressora 3D.<\/p>\n<p>Quer saber mais sobre este produto personalizado em particular?<\/p>\n\t\t\t<a href=\"\" target=\"_self\" role=\"button\" rel=\"noopener\">\n\t\t\t\t\t\t\tContacte-nos\n\t\t\t\t\t<\/a>\n<h2>\n\t\tSoa interessante? Ent\u00e3o contacte-nos!\n\t<\/h2>\n<h2>\n\t\tWe work with (among others) the following premium suppliers\n\t<\/h2>\n\t\t\t\t\t\t\t<img decoding=\"async\" src=\"https:\/\/sensoolabs.com\/wp-content\/uploads\/reseller-synology.png\" alt=\"https:\/\/sensoolabs.com\/wp-content\/uploads\/reseller-synology.png\" data-no-lazy=\"1\" \/>\n\t\t\t\t\t\t\t<img decoding=\"async\" src=\"https:\/\/sensoolabs.com\/wp-content\/uploads\/reseller-axis-communications.png\" alt=\"https:\/\/sensoolabs.com\/wp-content\/uploads\/reseller-axis-communications.png\" data-no-lazy=\"1\" \/>\n\t\t\t\t\t\t\t<img decoding=\"async\" src=\"https:\/\/sensoolabs.com\/wp-content\/uploads\/reseller-netgear.png\" alt=\"https:\/\/sensoolabs.com\/wp-content\/uploads\/reseller-netgear.png\" data-no-lazy=\"1\" \/>\n\t\t\t\t\t\t\t<img decoding=\"async\" src=\"https:\/\/sensoolabs.com\/wp-content\/uploads\/reseller-ubiquiti-unifi.png\" alt=\"https:\/\/sensoolabs.com\/wp-content\/uploads\/reseller-ubiquiti-unifi.png\" data-no-lazy=\"1\" \/>\n\t\t\t\t\t\t\t<img decoding=\"async\" src=\"https:\/\/sensoolabs.com\/wp-content\/uploads\/reseller-mikrotik.png\" alt=\"https:\/\/sensoolabs.com\/wp-content\/uploads\/reseller-mikrotik.png\" data-no-lazy=\"1\" \/>\n\t\t\t\t\t\t\t<img decoding=\"async\" src=\"https:\/\/sensoolabs.com\/wp-content\/uploads\/reseller-apc.png\" alt=\"https:\/\/sensoolabs.com\/wp-content\/uploads\/reseller-apc.png\" data-no-lazy=\"1\" \/>\n\t\t\t\t\t\t\t<img decoding=\"async\" src=\"https:\/\/sensoolabs.com\/wp-content\/uploads\/reseller-hikvision.png\" alt=\"https:\/\/sensoolabs.com\/wp-content\/uploads\/reseller-hikvision.png\" data-no-lazy=\"1\" \/>\n\n","protected":false},"excerpt":{"rendered":"<p>Sensoo Labs Na Sensoo Labs, produzimos produtos personalizados.\u00a0Juntos, com o cliente, a nossa equipa de programadores e design &amp; engenharia, desenvolvemos solu\u00e7\u00f5es personalizadas. Antes de os produtos personalizados serem realmente instalados, s\u00e3o extensivamente testados no nosso pr\u00f3prio ambiente e possivelmente na localiza\u00e7\u00e3o do cliente. Uma vez conclu\u00edda com sucesso a fase de testes, a nossa&hellip;<\/p>\n","protected":false},"author":1,"featured_media":0,"parent":0,"menu_order":3,"comment_status":"closed","ping_status":"closed","template":"","meta":{"footnotes":""},"class_list":["post-411","page","type-page","status-publish","hentry"],"_links":{"self":[{"href":"https:\/\/sensoolabs.com\/pt\/wp-json\/wp\/v2\/pages\/411","targetHints":{"allow":["GET"]}}],"collection":[{"href":"https:\/\/sensoolabs.com\/pt\/wp-json\/wp\/v2\/pages"}],"about":[{"href":"https:\/\/sensoolabs.com\/pt\/wp-json\/wp\/v2\/types\/page"}],"author":[{"embeddable":true,"href":"https:\/\/sensoolabs.com\/pt\/wp-json\/wp\/v2\/users\/1"}],"replies":[{"embeddable":true,"href":"https:\/\/sensoolabs.com\/pt\/wp-json\/wp\/v2\/comments?post=411"}],"version-history":[{"count":5,"href":"https:\/\/sensoolabs.com\/pt\/wp-json\/wp\/v2\/pages\/411\/revisions"}],"predecessor-version":[{"id":1161,"href":"https:\/\/sensoolabs.com\/pt\/wp-json\/wp\/v2\/pages\/411\/revisions\/1161"}],"wp:attachment":[{"href":"https:\/\/sensoolabs.com\/pt\/wp-json\/wp\/v2\/media?parent=411"}],"curies":[{"name":"wp","href":"https:\/\/api.w.org\/{rel}","templated":true}]}}