{"id":488,"date":"2022-11-28T12:53:41","date_gmt":"2022-11-28T11:53:41","guid":{"rendered":"https:\/\/sensoolabs.com\/?page_id=488"},"modified":"2023-01-26T18:23:12","modified_gmt":"2023-01-26T17:23:12","slug":"informacao-de-suporte","status":"publish","type":"page","link":"https:\/\/sensoolabs.com\/pt\/informacao-de-suporte\/","title":{"rendered":"Informa\u00e7\u00e3o de suporte"},"content":{"rendered":"\n<h1>\n\t\tInforma\u00e7\u00e3o de suporte\n\t<\/h1>\n\t<p>Se tiver quest\u00f5es de assist\u00eancia por favor contacte-nos por telefone, e-mail ou atrav\u00e9s do formul\u00e1rio abaixo.<\/p>\n<p>Teremos todo o prazer em ajud\u00e1-lo.<\/p>\n<h2>\n\t\tDetalhes de contacto\n\t<\/h2>\n\tTelefone <a href=\"tel:0031854822520\">+31 (0)85 48 22 520<\/a><br \/>\nSuporte email: <a href=\"mailto:support@sensoolabs.com\">support@sensoolabs.com<\/a>\n\t\n<div class=\"wpcf7 no-js\" id=\"wpcf7-f542-o1\" lang=\"pt\" dir=\"ltr\" data-wpcf7-id=\"542\">\n<div class=\"screen-reader-response\"><p role=\"status\" aria-live=\"polite\" aria-atomic=\"true\"><\/p> <ul><\/ul><\/div>\n<form action=\"\/pt\/wp-json\/wp\/v2\/pages\/488#wpcf7-f542-o1\" method=\"post\" class=\"wpcf7-form init\" aria-label=\"Contact form\" novalidate=\"novalidate\" data-status=\"init\">\n<fieldset class=\"hidden-fields-container\"><input type=\"hidden\" name=\"_wpcf7\" value=\"542\" \/><input type=\"hidden\" name=\"_wpcf7_version\" value=\"6.1.5\" \/><input type=\"hidden\" name=\"_wpcf7_locale\" value=\"pt\" \/><input type=\"hidden\" name=\"_wpcf7_unit_tag\" value=\"wpcf7-f542-o1\" \/><input type=\"hidden\" name=\"_wpcf7_container_post\" value=\"0\" \/><input type=\"hidden\" name=\"_wpcf7_posted_data_hash\" value=\"\" \/><input type=\"hidden\" name=\"_wpcf7_recaptcha_response\" value=\"\" \/>\n<\/fieldset>\n<div class=\"wpcf7-response-output\" aria-hidden=\"true\"><\/div>\n<p><span class=\"wpcf7-form-control-wrap\" data-name=\"naam\"><input size=\"40\" maxlength=\"400\" class=\"wpcf7-form-control wpcf7-text wpcf7-validates-as-required\" aria-required=\"true\" aria-invalid=\"false\" placeholder=\"Nome\" value=\"\" type=\"text\" name=\"naam\" \/><\/span>\n<\/p>\n<p><span class=\"wpcf7-form-control-wrap\" data-name=\"tel\"><input size=\"40\" maxlength=\"400\" class=\"wpcf7-form-control wpcf7-text wpcf7-validates-as-required\" aria-required=\"true\" aria-invalid=\"false\" placeholder=\"N\u00famero de telefone\" value=\"\" type=\"text\" name=\"tel\" \/><\/span>\n<\/p>\n<p><span class=\"wpcf7-form-control-wrap\" data-name=\"email\"><input size=\"40\" maxlength=\"400\" class=\"wpcf7-form-control wpcf7-email wpcf7-validates-as-required wpcf7-text wpcf7-validates-as-email\" aria-required=\"true\" aria-invalid=\"false\" placeholder=\"Endere\u00e7o de e-mail\" value=\"\" type=\"email\" name=\"email\" \/><\/span>\n<\/p>\n<p><span class=\"wpcf7-form-control-wrap\" data-name=\"vraag\"><textarea cols=\"40\" rows=\"5\" maxlength=\"2000\" class=\"wpcf7-form-control wpcf7-textarea wpcf7-validates-as-required\" aria-required=\"true\" aria-invalid=\"false\" placeholder=\"Mensagem\" name=\"vraag\"><\/textarea><\/span>\n<\/p>\n<p><input class=\"wpcf7-form-control wpcf7-submit has-spinner\" type=\"submit\" value=\"Enviar\" \/>\n<\/p>\n<p class=\"smallprint\">This site is protected by reCAPTCHA and the Google <a href=\"https:\/\/policies.google.com\/privacy\" target=\"_blank\" rel=\"noopener\">Privacy Policy<\/a> and <a href=\"https:\/\/policies.google.com\/terms\" target=\"_blank\" rel=\"noopener\">Terms of Service<\/a> apply.\n<\/p>\n<\/form>\n<\/div>\n\n<h2>\n\t\tSoa interessante? Ent\u00e3o contacte-nos!\n\t<\/h2>\n<h2>\n\t\tWe work with (among others) the following premium suppliers\n\t<\/h2>\n\t\t\t\t\t\t\t<img decoding=\"async\" src=\"https:\/\/sensoolabs.com\/wp-content\/uploads\/reseller-synology.png\" alt=\"https:\/\/sensoolabs.com\/wp-content\/uploads\/reseller-synology.png\" data-no-lazy=\"1\" \/>\n\t\t\t\t\t\t\t<img decoding=\"async\" src=\"https:\/\/sensoolabs.com\/wp-content\/uploads\/reseller-axis-communications.png\" alt=\"https:\/\/sensoolabs.com\/wp-content\/uploads\/reseller-axis-communications.png\" data-no-lazy=\"1\" \/>\n\t\t\t\t\t\t\t<img decoding=\"async\" src=\"https:\/\/sensoolabs.com\/wp-content\/uploads\/reseller-netgear.png\" alt=\"https:\/\/sensoolabs.com\/wp-content\/uploads\/reseller-netgear.png\" data-no-lazy=\"1\" \/>\n\t\t\t\t\t\t\t<img decoding=\"async\" src=\"https:\/\/sensoolabs.com\/wp-content\/uploads\/reseller-ubiquiti-unifi.png\" alt=\"https:\/\/sensoolabs.com\/wp-content\/uploads\/reseller-ubiquiti-unifi.png\" data-no-lazy=\"1\" \/>\n\t\t\t\t\t\t\t<img decoding=\"async\" src=\"https:\/\/sensoolabs.com\/wp-content\/uploads\/reseller-mikrotik.png\" alt=\"https:\/\/sensoolabs.com\/wp-content\/uploads\/reseller-mikrotik.png\" data-no-lazy=\"1\" \/>\n\t\t\t\t\t\t\t<img decoding=\"async\" src=\"https:\/\/sensoolabs.com\/wp-content\/uploads\/reseller-apc.png\" alt=\"https:\/\/sensoolabs.com\/wp-content\/uploads\/reseller-apc.png\" data-no-lazy=\"1\" \/>\n\t\t\t\t\t\t\t<img decoding=\"async\" src=\"https:\/\/sensoolabs.com\/wp-content\/uploads\/reseller-hikvision.png\" alt=\"https:\/\/sensoolabs.com\/wp-content\/uploads\/reseller-hikvision.png\" data-no-lazy=\"1\" \/>\n\n","protected":false},"excerpt":{"rendered":"<p>Informa\u00e7\u00e3o de suporte Se tiver quest\u00f5es de assist\u00eancia por favor contacte-nos por telefone, e-mail ou atrav\u00e9s do formul\u00e1rio abaixo. Teremos todo o prazer em ajud\u00e1-lo. Detalhes de contacto Telefone +31 (0)85 48 22 520 Suporte email: support@sensoolabs.com Soa interessante? Ent\u00e3o contacte-nos! We work with (among others) the following premium suppliers<\/p>\n","protected":false},"author":1,"featured_media":0,"parent":0,"menu_order":7,"comment_status":"closed","ping_status":"closed","template":"","meta":{"footnotes":""},"class_list":["post-488","page","type-page","status-publish","hentry"],"_links":{"self":[{"href":"https:\/\/sensoolabs.com\/pt\/wp-json\/wp\/v2\/pages\/488","targetHints":{"allow":["GET"]}}],"collection":[{"href":"https:\/\/sensoolabs.com\/pt\/wp-json\/wp\/v2\/pages"}],"about":[{"href":"https:\/\/sensoolabs.com\/pt\/wp-json\/wp\/v2\/types\/page"}],"author":[{"embeddable":true,"href":"https:\/\/sensoolabs.com\/pt\/wp-json\/wp\/v2\/users\/1"}],"replies":[{"embeddable":true,"href":"https:\/\/sensoolabs.com\/pt\/wp-json\/wp\/v2\/comments?post=488"}],"version-history":[{"count":10,"href":"https:\/\/sensoolabs.com\/pt\/wp-json\/wp\/v2\/pages\/488\/revisions"}],"predecessor-version":[{"id":1165,"href":"https:\/\/sensoolabs.com\/pt\/wp-json\/wp\/v2\/pages\/488\/revisions\/1165"}],"wp:attachment":[{"href":"https:\/\/sensoolabs.com\/pt\/wp-json\/wp\/v2\/media?parent=488"}],"curies":[{"name":"wp","href":"https:\/\/api.w.org\/{rel}","templated":true}]}}